{"id":1404,"date":"2024-01-14T01:27:38","date_gmt":"2024-01-14T01:27:38","guid":{"rendered":"https:\/\/paraphe.ca\/?page_id=1404"},"modified":"2025-01-24T18:44:45","modified_gmt":"2025-01-24T18:44:45","slug":"nos-services","status":"publish","type":"page","link":"https:\/\/paraphe.ca\/fr\/nos-services\/","title":{"rendered":"Nos services"},"content":{"rendered":"<h1>Nos services<\/h1>\n<div>\n<div class=\"item_introtext\">\n<p style=\"color: #f37432; font-size: 1.2em;\"><strong>Representation and Contract Negotiations<\/strong><\/p>\n<div class=\"item_introtext\">\n<p><span>Relying on a network of established hockey contacts all over North America and extending to Europe, the PARAPHE team deploys efforts aiming to provide the player with exposure to find the best possible team fit. Our player profiles are distributed to all teams in North America and in Europe as well.<\/span><\/p>\n<\/div>\n<\/div>\n<\/div>\n<div>\n<div class=\"item_introtext\">\n<p style=\"color: #f37432; font-size: 1.2em;\"><strong>Gestion de carri\u00e8re<\/strong><\/p>\n<div class=\"item_introtext\">\n<p><span>L\u2019\u00e9quipe\u00a0<strong>PARAPHE<\/strong>\u00a0\u00e9tablira avec le joueur un plan de match ayant pour objectif une carri\u00e8re des plus productives. Le joueur b\u00e9n\u00e9ficiera de disponibilit\u00e9, d\u2019une \u00e9coute attentive et d\u2019assistance tout au long de sa carri\u00e8re et se verra donner des outils et des conseils pour la r\u00e9alisation de ses objectifs. Ceux-ci peuvent \u00eatre de nature professionnelle et orient\u00e9s sur les habilet\u00e9s hockey, mais aussi personnelle et inclure la planification financi\u00e8re, la formation et la gestion de l\u2019apr\u00e8s-carri\u00e8re.<\/span><\/p>\n<\/div>\n<\/div>\n<\/div>\n<div>\n<div class=\"item_introtext\">\n<p style=\"color: #f37432; font-size: 1.2em;\"><strong>La r\u00e9solution de conflits<\/strong><\/p>\n<div class=\"item_introtext\">\n<p>L\u2019\u00e9quipe travaille sur une base ouverte avec la direction des \u00e9quipes afin d\u2019encourager la communication avec le joueur et cr\u00e9er un terrain favorable \u00e0 son d\u00e9veloppement, ainsi qu\u2019\u00e0 la r\u00e9solution de conflit.<\/p>\n<p>L\u2019agence assiste aussi les joueurs avec leurs griefs, notamment en utilisant les outils \u00e0 leur disposition de par leur convention collective, et en \u00e9tablissant la communication avec leur association respective.<\/p>\n<\/div>\n<\/div>\n<\/div>\n<div>\n<p style=\"color: #f37432; font-size: 1.2em;\"><strong>Service hockey et d\u00e9veloppement athl\u00e9tique<\/strong><\/p>\n<div class=\"item_introtext\">\n<p><span>La carri\u00e8re d\u2019un hockeyeur commence par une condition physique optimale.\u00a0<strong>PARAPHE<\/strong>\u00a0s\u2019allie aux meilleures ressources en d\u00e9veloppement athl\u00e9tique, en nutrition et en d\u00e9veloppement hockey pour aider ses clients \u00e0 atteindre leur plein potentiel.\u00a0<strong>PARAPHE<\/strong>\u00a0organise aussi des camps de d\u00e9veloppement et tient des cliniques sp\u00e9cialis\u00e9es.<\/span><\/p>\n<\/div>\n<\/div>\n<div>\n<p style=\"color: #f37432; font-size: 1.2em;\"><strong>Le rep\u00e9chage et les invitations<\/strong><\/p>\n<div class=\"item_introtext\">\n<p><span>Une invitation \u00e0 participer \u00e0 un camp d\u2019essai (tryout) ou une possibilit\u00e9 de rep\u00eachage sont des opportunit\u00e9s qui n\u00e9cessitent une pr\u00e9paration particuli\u00e8re au d\u00e9but d\u2019une carri\u00e8re. Que ce soit au niveau LCH, LHJMQ ou LNH, notre soutien inclut la promotion du joueur, des conseils au niveau de l\u2019entrainement, ainsi que la pr\u00e9paration aux tests m\u00e9dicaux et aux entrevues.<\/span><\/p>\n<\/div>\n<\/div>\n<div>\n<p style=\"color: #f37432; font-size: 1.2em;\"><strong>Soutien administratif<\/strong><\/p>\n<div class=\"item_introtext\">\n<p><strong>PARAPHE<\/strong><span>\u00a0<\/span>offre \u00e0 ses clients du soutien administratif \u00e0 plusieurs niveaux de sorte qu\u2019ils puissent se concentrer sur leurs habilet\u00e9s professionnelles. Nos services personnalis\u00e9s incluent les suivants :<br \/>\u00a0 \u00a0\u2022 l&rsquo;immigration<br \/>\u00a0 \u00a0\u2022 la relocalisation<br \/>\u00a0 \u00a0\u2022 la planification fiscale et financi\u00e8re<br \/>\u00a0 \u00a0\u2022 les suivis en mati\u00e8res l\u00e9gales et m\u00e9dicales<br \/>\u00a0 \u00a0\u2022 la couverture d\u2019assurance<br \/>\u00a0 \u00a0\u2022 la protection du patrimoine<\/p>\n<p>Sachant que l\u2019\u00e9quipe<span>\u00a0<\/span><strong>PARAPHE<\/strong><span>\u00a0<\/span>a ses int\u00e9r\u00eats \u00e0 c\u0153ur, l\u2019athl\u00e8te peut se consacrer totalement \u00e0 ses performances.<\/p>\n<\/div>\n<\/div>\n<p><!--more--><br \/>\n<!-- {\"type\":\"layout\",\"children\":[{\"type\":\"section\",\"props\":{\"css\":\".el-section{background-color:#292A31;}\",\"image_position\":\"center-center\",\"style\":\"default\",\"title_breakpoint\":\"xl\",\"title_position\":\"top-left\",\"title_rotation\":\"left\",\"vertical_align\":\"\",\"width\":\"default\"},\"children\":[{\"type\":\"row\",\"children\":[{\"type\":\"column\",\"props\":{\"image_position\":\"center-center\",\"position_sticky_breakpoint\":\"m\"},\"children\":[{\"type\":\"headline\",\"props\":{\"content\":\"Nos services\",\"content_en_us\":\"Our Services\",\"title_color\":\"primary\",\"title_element\":\"h1\"}}]}]},{\"type\":\"row\",\"props\":{\"layout\":\"1-4,1-4,1-4,1-4|1-2,1-2,1-2,1-2\"},\"children\":[{\"type\":\"column\",\"props\":{\"css\":\".el-column{max-width:15%;}\",\"image_position\":\"center-center\",\"position_sticky_breakpoint\":\"m\",\"width_medium\":\"1-4\",\"width_small\":\"1-2\"}},{\"type\":\"column\",\"props\":{\"image_position\":\"center-center\",\"position_sticky_breakpoint\":\"m\",\"width_medium\":\"1-4\",\"width_small\":\"1-2\"},\"children\":[{\"type\":\"text\",\"props\":{\"column_breakpoint\":\"m\",\"content\":\"\n\n<div class=\\\"item_introtext\\\">\\n\n\n<p style=\\\"color: #f37432; font-size: 1.2em;\\\"><strong>Representation and Contract Negotiations<\\\/strong><\\\/p>\\n\n\n<div class=\\\"item_introtext\\\">\\n\n\n<p><span>Relying on a network of established hockey contacts all over North America and extending to Europe, the PARAPHE team deploys efforts aiming to provide the player with exposure to find the best possible team fit. Our player profiles are distributed to all teams in North America and in Europe as well.<\\\/span><\\\/p>\\n<\\\/div>\\n<\\\/div>\",\"content_en_us\":\"\n\n<p style=\\\"color: #f37432; font-size: 1.2em;\\\"><strong>Representation and Contract Negotiations<\\\/strong><\\\/p>\\n\n\n<div class=\\\"item_introtext\\\">\\n\n\n<p><span>Relying on a network of established hockey contacts all over North America and extending to Europe, the <strong>PARAPHE<\\\/strong> team deploys efforts aiming to provide the player with exposure to find the best possible team fit. Our player profiles are distributed to all teams in North America and in Europe as well.<\\\/span><\\\/p>\\n<\\\/div>\",\"css\":\".el-element{font-family:\\\"roboto\\\";font-size:1.2em;}\",\"margin\":\"default\",\"text_color\":\"primary\"}},{\"type\":\"text\",\"props\":{\"column_breakpoint\":\"m\",\"content\":\"\n\n<div class=\\\"item_introtext\\\">\\n\n\n<p style=\\\"color: #f37432; font-size: 1.2em;\\\"><strong>Gestion de carri\\u00e8re<\\\/strong><\\\/p>\\n\n\n<div class=\\\"item_introtext\\\">\\n\n\n<p><span>L\\u2019\\u00e9quipe\\u00a0<strong>PARAPHE<\\\/strong>\\u00a0\\u00e9tablira avec le joueur un plan de match ayant pour objectif une carri\\u00e8re des plus productives. Le joueur b\\u00e9n\\u00e9ficiera de disponibilit\\u00e9, d\\u2019une \\u00e9coute attentive et d\\u2019assistance tout au long de sa carri\\u00e8re et se verra donner des outils et des conseils pour la r\\u00e9alisation de ses objectifs. Ceux-ci peuvent \\u00eatre de nature professionnelle et orient\\u00e9s sur les habilet\\u00e9s hockey, mais aussi personnelle et inclure la planification financi\\u00e8re, la formation et la gestion de l\\u2019apr\\u00e8s-carri\\u00e8re.<\\\/span><\\\/p>\\n<\\\/div>\\n<\\\/div>\",\"content_en_us\":\"\n\n<p style=\\\"color: #f37432; font-size: 1.2em;\\\"><strong>Career Management<\\\/strong><\\\/p>\\n\n\n<div class=\\\"item_introtext\\\">\\n\n\n<p><span>The <strong>PARAPHE<\\\/strong> staff will help the athlete establish his game plan for a productive hockey career. They will give him time, lend a listening ear and offer overall support throughout his professional hockey career and provide access to the tools and education he needs to reach his objectives. These objectives can be professional and skill oriented, but also personal, and include financial management, education, and post-career management.<\\\/span><\\\/p>\\n<\\\/div>\",\"css\":\".el-element{font-family:\\\"roboto\\\";font-size:1.2em;}\",\"margin\":\"default\",\"text_color\":\"primary\"}},{\"type\":\"text\",\"props\":{\"column_breakpoint\":\"m\",\"content\":\"\n\n<div class=\\\"item_introtext\\\">\\n\n\n<p style=\\\"color: #f37432; font-size: 1.2em;\\\"><strong>La r\\u00e9solution de conflits<\\\/strong><\\\/p>\\n\n\n<div class=\\\"item_introtext\\\">\\n\n\n<p>L\\u2019\\u00e9quipe travaille sur une base ouverte avec la direction des \\u00e9quipes afin d\\u2019encourager la communication avec le joueur et cr\\u00e9er un terrain favorable \\u00e0 son d\\u00e9veloppement, ainsi qu\\u2019\\u00e0 la r\\u00e9solution de conflit.<\\\/p>\\n\n\n<p>L\\u2019agence assiste aussi les joueurs avec leurs griefs, notamment en utilisant les outils \\u00e0 leur disposition de par leur convention collective, et en \\u00e9tablissant la communication avec leur association respective.<\\\/p>\\n<\\\/div>\\n<\\\/div>\",\"content_en_us\":\"\n\n<p style=\\\"color: #f37432; font-size: 1.2em;\\\"><strong>Conflict Resolution<\\\/strong><\\\/p>\\n\n\n<div class=\\\"item_introtext\\\">\\n\n\n<p>We like to work on an open basis with team management staff to encourage communication with the player and create favorable ground for development and conflict resolution.<\\\/p>\\n\n\n<p>We also assist players with grievances using the tools provided to them by their CBA (Collective Bargaining Agreement) and through communication with the NHLPA and PHPA advisors.<\\\/p>\\n<\\\/div>\",\"css\":\".el-element{font-family:\\\"roboto\\\";font-size:1.2em;}\",\"margin\":\"default\",\"text_color\":\"primary\"}}]},{\"type\":\"column\",\"props\":{\"image_position\":\"center-center\",\"position_sticky_breakpoint\":\"m\",\"width_medium\":\"1-4\",\"width_small\":\"1-2\"},\"children\":[{\"type\":\"text\",\"props\":{\"column_breakpoint\":\"m\",\"content\":\"\n\n<p style=\\\"color: #f37432; font-size: 1.2em;\\\"><strong>Service hockey et d\\u00e9veloppement athl\\u00e9tique<\\\/strong><\\\/p>\\n\n\n<div class=\\\"item_introtext\\\">\\n\n\n<p><span>La carri\\u00e8re d\\u2019un hockeyeur commence par une condition physique optimale.\\u00a0<strong>PARAPHE<\\\/strong>\\u00a0s\\u2019allie aux meilleures ressources en d\\u00e9veloppement athl\\u00e9tique, en nutrition et en d\\u00e9veloppement hockey pour aider ses clients \\u00e0 atteindre leur plein potentiel.\\u00a0<strong>PARAPHE<\\\/strong>\\u00a0organise aussi des camps de d\\u00e9veloppement et tient des cliniques sp\\u00e9cialis\\u00e9es.<\\\/span><\\\/p>\\n<\\\/div>\",\"content_en_us\":\"\n\n<p style=\\\"color: #f37432; font-size: 1.2em;\\\"><strong>Athletic and Hockey Related Services<\\\/strong><\\\/p>\\n\n\n<div class=\\\"item_introtext\\\">\\n\n\n<p><span>A successful hockey player career begins with an optimum physical condition. \\u00a0<strong>PARAPH<\\\/strong>E teams up with the best resources in athletic development, nutrition and hockey skills development to help its client-players reach their utmost potential on the ice. \\u00a0<strong>PARAPHE<\\\/strong> also provides special summer training programs and specialized hockey clinics.<\\\/span><\\\/p>\\n<\\\/div>\",\"css\":\".el-element{font-family:\\\"roboto\\\";font-size:1.2em;}\",\"margin\":\"default\",\"text_color\":\"primary\"}},{\"type\":\"text\",\"props\":{\"column_breakpoint\":\"m\",\"content\":\"\n\n<p style=\\\"color: #f37432; font-size: 1.2em;\\\"><strong>Le rep\\u00e9chage et les invitations<\\\/strong><\\\/p>\\n\n\n<div class=\\\"item_introtext\\\">\\n\n\n<p><span>Une invitation \\u00e0 participer \\u00e0 un camp d\\u2019essai (tryout) ou une possibilit\\u00e9 de rep\\u00eachage sont des opportunit\\u00e9s qui n\\u00e9cessitent une pr\\u00e9paration particuli\\u00e8re au d\\u00e9but d\\u2019une carri\\u00e8re. Que ce soit au niveau LCH, LHJMQ ou LNH, notre soutien inclut la promotion du joueur, des conseils au niveau de l\\u2019entrainement, ainsi que la pr\\u00e9paration aux tests m\\u00e9dicaux et aux entrevues.<\\\/span><\\\/p>\\n<\\\/div>\",\"content_en_us\":\"\n\n<p style=\\\"color: #f37432; font-size: 1.2em;\\\"><strong>Draft Preparation<\\\/strong><\\\/p>\\n\n\n<div class=\\\"item_introtext\\\">\\n\n\n<p><span>An invitation to a tryout or a draft possibility are opportunities for which a special preparation is in order, especially at the beginning of a professional career. <strong>PARAPHE<\\\/strong> offers draft preparation at CHL and QMJHL levels as well as support at NHL level. Our input includes pre-draft player exposure, athletic counselling as well as counselling in view of pre-draft medicals and interviews.<\\\/span><\\\/p>\\n<\\\/div>\",\"css\":\".el-element{font-family:\\\"roboto\\\";font-size:1.2em;}\",\"margin\":\"default\",\"text_color\":\"primary\"}},{\"type\":\"text\",\"props\":{\"column_breakpoint\":\"m\",\"content\":\"\n\n<p style=\\\"color: #f37432; font-size: 1.2em;\\\"><strong>Soutien administratif<\\\/strong><\\\/p>\\n\n\n<div class=\\\"item_introtext\\\">\\n\n\n<p><strong>PARAPHE<\\\/strong><span>\\u00a0<\\\/span>offre \\u00e0 ses clients du soutien administratif \\u00e0 plusieurs niveaux de sorte qu\\u2019ils puissent se concentrer sur leurs habilet\\u00e9s professionnelles. Nos services personnalis\\u00e9s incluent les suivants :<br \\\/>\\u00a0 \\u00a0\\u2022 l'immigration<br \\\/>\\u00a0 \\u00a0\\u2022 la relocalisation<br \\\/>\\u00a0 \\u00a0\\u2022 la planification fiscale et financi\\u00e8re<br \\\/>\\u00a0 \\u00a0\\u2022 les suivis en mati\\u00e8res l\\u00e9gales et m\\u00e9dicales<br \\\/>\\u00a0 \\u00a0\\u2022 la couverture d\\u2019assurance<br \\\/>\\u00a0 \\u00a0\\u2022 la protection du patrimoine<\\\/p>\\n\n\n<p>Sachant que l\\u2019\\u00e9quipe<span>\\u00a0<\\\/span><strong>PARAPHE<\\\/strong><span>\\u00a0<\\\/span>a ses int\\u00e9r\\u00eats \\u00e0 c\\u0153ur, l\\u2019athl\\u00e8te peut se consacrer totalement \\u00e0 ses performances.<\\\/p>\\n<\\\/div>\",\"content_en_us\":\"\n\n<p style=\\\"color: #f37432; font-size: 1.2em;\\\"><strong>Administrative Assistance<\\\/strong><\\\/p>\\n\n\n<div class=\\\"item_introtext\\\">\\n\n\n<p>We assist our clients in numerous ways to help them focus on their professional skills, namely by providing personalized support in administrative matters. These could be matters of:<br \\\/>\\u00a0 \\u00a0\\u2022 immigration<br \\\/>\\u00a0 \\u00a0\\u2022 relocation<br \\\/>\\u00a0 \\u00a0\\u2022 tax and financial planning<br \\\/>\\u00a0 \\u00a0\\u2022 legal and medical follow ups<br \\\/>\\u00a0 \\u00a0\\u2022 insurance coverage<br \\\/>\\u00a0 \\u00a0\\u2022 personal patrimony protection<\\\/p>\\n\n\n<p>Knowing the\\u00a0<strong>PARAPHE<\\\/strong>\\u00a0staff has the athlete\\u2019s best interests at heart, he can use his energy where it is best needed to perform at a higher level.<\\\/p>\\n<\\\/div>\",\"css\":\".el-element{font-family:\\\"roboto\\\";font-size:1.2em;}\",\"margin\":\"default\",\"text_color\":\"primary\"}}]},{\"type\":\"column\",\"props\":{\"css\":\".el-column{max-width:15%;}\",\"image_position\":\"center-center\",\"position_sticky_breakpoint\":\"m\",\"width_medium\":\"1-4\",\"width_small\":\"1-2\"}}]}]}],\"version\":\"4.5.1\"} --><\/p>\n","protected":false},"excerpt":{"rendered":"<p>Nos services Representation and Contract Negotiations Relying on a network of established hockey contacts all over North America and extending to Europe, the PARAPHE team deploys efforts aiming to provide the player with exposure to find the best possible team fit. Our player profiles are distributed to all teams in North America and in Europe [&hellip;]<\/p>\n","protected":false},"author":1,"featured_media":0,"parent":0,"menu_order":0,"comment_status":"closed","ping_status":"closed","template":"","meta":{"_acf_changed":false,"footnotes":""},"class_list":["post-1404","page","type-page","status-publish","hentry"],"acf":[],"_links":{"self":[{"href":"https:\/\/paraphe.ca\/fr\/wp-json\/wp\/v2\/pages\/1404","targetHints":{"allow":["GET"]}}],"collection":[{"href":"https:\/\/paraphe.ca\/fr\/wp-json\/wp\/v2\/pages"}],"about":[{"href":"https:\/\/paraphe.ca\/fr\/wp-json\/wp\/v2\/types\/page"}],"author":[{"embeddable":true,"href":"https:\/\/paraphe.ca\/fr\/wp-json\/wp\/v2\/users\/1"}],"replies":[{"embeddable":true,"href":"https:\/\/paraphe.ca\/fr\/wp-json\/wp\/v2\/comments?post=1404"}],"version-history":[{"count":30,"href":"https:\/\/paraphe.ca\/fr\/wp-json\/wp\/v2\/pages\/1404\/revisions"}],"predecessor-version":[{"id":1629,"href":"https:\/\/paraphe.ca\/fr\/wp-json\/wp\/v2\/pages\/1404\/revisions\/1629"}],"wp:attachment":[{"href":"https:\/\/paraphe.ca\/fr\/wp-json\/wp\/v2\/media?parent=1404"}],"curies":[{"name":"wp","href":"https:\/\/api.w.org\/{rel}","templated":true}]}}