{"id":1384,"date":"2024-01-13T18:13:25","date_gmt":"2024-01-13T18:13:25","guid":{"rendered":"https:\/\/paraphe.ca\/?page_id=1384"},"modified":"2025-01-24T18:32:41","modified_gmt":"2025-01-24T18:32:41","slug":"notre-equipe","status":"publish","type":"page","link":"https:\/\/paraphe.ca\/fr\/notre-equipe\/","title":{"rendered":"Notre \u00e9quipe"},"content":{"rendered":"<h1>NOTRE \u00c9QUIPE<\/h1>\n<p><img decoding=\"async\" src=\"\/wp-content\/uploads\/2024\/01\/team-1.jpg\" alt=\"\"><\/p>\n<div>\n<h2 style=\"color: white;\">PAUL CORBEIL<\/h2>\n<div class=\"item_introtext\">\n<p><span class=\"link_color\">Fondateur et directeur<\/span><\/p>\n<p>Anim\u00e9 par sa passion du hockey et du management sportif, <strong>Paul Corbeil<\/strong> a fond\u00e9 <strong>PARAPHE Sports-Management<\/strong> en 1993.<br \/>Certifi\u00e9 depuis 1996 par <i>l\u2019Association des joueurs de la Ligue nationale de hockey<\/i>, Paul agit \u00e0 titre d\u2019agent n\u00e9gociateur et repr\u00e9sentant pour les athl\u00e8tes. Ayant obtenu une maitrise en droit de l\u2019Universit\u00e9 de Sherbrooke en 1988, il est aussi un notaire professionnel membre de la <i>Chambre des notaires du Qu\u00e9bec<\/i>, ce qui lui permet de conseiller les athl\u00e8tes sur la protection de leurs droits et de leur patrimoine.<\/p>\n<\/div>\n<\/div>\n<p><img decoding=\"async\" src=\"\/wp-content\/uploads\/2024\/01\/team-2.jpg\" alt=\"\"><\/p>\n<div>\n<h3 style=\"color: white;\">ANDRE \u00ab\u202fMOOSE\u202f\u00bb DUPONT<\/h3>\n<div class=\"item_introtext\">\n<p><span class=\"link_color\">D\u00e9pisteur et conseiller en d\u00e9veloppement hockey<\/span><\/p>\n<p>Gagnant de deux coupes Stanley avec les Flyers de Philadelphie et r\u00e9cipiendaire de multiples prix et honneurs professionnels, <strong>Andr\u00e9 \u00ab Moose \u00bb Dupont<\/strong> a jou\u00e9 plus de 800 matchs au cours d\u2019une carri\u00e8re qui s\u2019\u00e9chelonne sur 14 ans dans la LNH. D\u00e9pisteur pour les S\u00e9nateurs d\u2019Ottawa entre 1991 et 1995, il a aussi occup\u00e9 des postes d\u2019entra\u00eeneur et de directeur-g\u00e9rant au niveau du hockey junior-majeur. Moose Dupont puise dans cette vaste exp\u00e9rience pour conseiller ses prot\u00e9g\u00e9s chez <strong>PARAPHE Sports-Management<\/strong> depuis 1999.<\/p>\n<\/div>\n<\/div>\n<p><img decoding=\"async\" src=\"\/wp-content\/uploads\/2025\/01\/Maxime-Hamelin.jpg\" alt=\"\"><\/p>\n<div>\n<h2 style=\"color: white;\">MAXIME HAMELIN<\/h2>\n<div class=\"item_introtext\">\n<div class=\"item_introtext\">\n<p><span class=\"link_color\">D\u00e9pisteur et conseiller<\/span><\/p>\n<p>Un administrateur comp\u00e9tent et un passionn\u00e9 du hockey, Maxime Hamelin agit \u00e0 titre de d\u00e9pisteur et conseiller pour les joueurs de niveaux midget et junior. Maxime d\u00e9tient un baccalaur\u00e9at en Administration des affaires-Gestion des ressources humaines obtenu de l\u2019Universit\u00e9 du Qu\u00e9bec \u00e0 Trois-Rivi\u00e8res (UQTR).\u00a0Son exp\u00e9rience aupr\u00e8s de jeunes joueurs lui ont permis de d\u00e9velopper ses comp\u00e9tences en enseignement et en communication.<\/p>\n<\/div>\n<\/div>\n<\/div>\n<p><img decoding=\"async\" src=\"\/wp-content\/uploads\/2025\/01\/Alexe-Corbeil.jpg\" alt=\"\"><\/p>\n<div>\n<h2 style=\"color: white;\">ALEXE CORBEIL<\/h2>\n<div class=\"item_introtext\">\n<p><span class=\"link_color\">Assistante de direction<\/span><\/p>\n<p>Alexe Corbeil agit en tant qu&rsquo;assistante de direction\u00a0dans la gestion des joueurs de l&rsquo;agence. Avant de se joindre \u00e0<span>\u00a0<\/span><strong>PARAPHE<\/strong>, Alexe a cumul\u00e9 pr\u00e8s de 10 ans d&rsquo;exp\u00e9rience en gestion des ressources humaines et en sant\u00e9 et s\u00e9curit\u00e9 au travail.\u00a0 Elle est titulaire d&rsquo;un baccalaur\u00e9at en administration des affaires &#8211; gestion des ressources humaines de l&rsquo;<em>Universit\u00e9 du Qu\u00e9bec \u00e0 Trois-Rivi\u00e8res<\/em><span>\u00a0<\/span>(UQTR).<\/p>\n<\/div>\n<\/div>\n<p><!--more--><br \/>\n<!-- {\"type\":\"layout\",\"children\":[{\"type\":\"section\",\"props\":{\"css\":\".el-section{background-color:#292A31;}\",\"image_position\":\"center-center\",\"style\":\"default\",\"title_breakpoint\":\"xl\",\"title_position\":\"top-left\",\"title_rotation\":\"left\",\"vertical_align\":\"\",\"width\":\"default\"},\"children\":[{\"type\":\"row\",\"children\":[{\"type\":\"column\",\"props\":{\"image_position\":\"center-center\",\"position_sticky_breakpoint\":\"m\"},\"children\":[{\"type\":\"headline\",\"props\":{\"content\":\"NOTRE \\u00c9QUIPE\",\"content_en_us\":\"OUR TEAM\",\"title_color\":\"primary\",\"title_element\":\"h1\"}}]}]},{\"type\":\"row\",\"props\":{\"layout\":\"1-4,1-4,1-4,1-4|1-2,1-2,1-2,1-2\"},\"children\":[{\"type\":\"column\",\"props\":{\"css\":\".el-column{max-width:15%;}\",\"image_position\":\"center-center\",\"position_sticky_breakpoint\":\"m\",\"width_medium\":\"1-4\",\"width_small\":\"1-2\"}},{\"type\":\"column\",\"props\":{\"image_position\":\"center-center\",\"position_sticky_breakpoint\":\"m\",\"width_medium\":\"1-4\",\"width_small\":\"1-2\"},\"children\":[{\"type\":\"image\",\"props\":{\"image\":\"wp-content\\\/uploads\\\/2024\\\/01\\\/team-1.jpg\",\"image_svg_color\":\"emphasis\",\"margin\":\"default\"}},{\"type\":\"text\",\"props\":{\"column_breakpoint\":\"m\",\"content\":\"\n\n<h2 style=\\\"color: white;\\\">PAUL CORBEIL<\\\/h2>\\n\n\n<div class=\\\"item_introtext\\\">\\n\n\n<p><span class=\\\"link_color\\\">Fondateur et directeur<\\\/span><\\\/p>\\n\n\n<p>Anim\\u00e9 par sa passion du hockey et du management sportif, <strong>Paul Corbeil<\\\/strong> a fond\\u00e9 <strong>PARAPHE Sports-Management<\\\/strong> en 1993.<br \\\/>Certifi\\u00e9 depuis 1996 par <i>l\\u2019Association des joueurs de la Ligue nationale de hockey<\\\/i>, Paul agit \\u00e0 titre d\\u2019agent n\\u00e9gociateur et repr\\u00e9sentant pour les athl\\u00e8tes. Ayant obtenu une maitrise en droit de l\\u2019Universit\\u00e9 de Sherbrooke en 1988, il est aussi un notaire professionnel membre de la <i>Chambre des notaires du Qu\\u00e9bec<\\\/i>, ce qui lui permet de conseiller les athl\\u00e8tes sur la protection de leurs droits et de leur patrimoine.<\\\/p>\\n<\\\/div>\",\"content_en_us\":\"\n\n<h2 style=\\\"color: white;\\\">PAUL CORBEIL<\\\/h2>\\n\n\n<div class=\\\"item_introtext\\\">\\n\n\n<p><span class=\\\"link_color\\\">Founder and Director<\\\/span><\\\/p>\\n\n\n<p>Fuelled by his passion for hockey and sports management,<span>\\u00a0<\\\/span><strong>Paul Corbeil<\\\/strong><span>\\u00a0<\\\/span>founded<span>\\u00a0<\\\/span><strong>PARAPHE Sports-Management<\\\/strong><span>\\u00a0<\\\/span>in 1993. Certified by the NHLPA since 1996, Paul acts as negotiating agent and athlete representative. With a masters degree in law obtained from the<span>\\u00a0<\\\/span><em>University of Sherbrooke<\\\/em><span>\\u00a0<\\\/span>in 1988, he is also a professional notary with full certification to practise in his field, granted by the<span>\\u00a0<\\\/span><em>Chambre des notaires du Qu\\u00e9bec<\\\/em>. This allows him to counsel athletes on<\\\/p>\\n<\\\/div>\",\"css\":\".el-element{font-family:\\\"roboto\\\";font-size:1.2em;}\",\"margin\":\"default\",\"text_color\":\"primary\"}}]},{\"type\":\"column\",\"props\":{\"image_position\":\"center-center\",\"position_sticky_breakpoint\":\"m\",\"width_medium\":\"1-4\",\"width_small\":\"1-2\"},\"children\":[{\"type\":\"image\",\"props\":{\"image\":\"wp-content\\\/uploads\\\/2024\\\/01\\\/team-2.jpg\",\"image_svg_color\":\"emphasis\",\"margin\":\"default\"}},{\"type\":\"text\",\"props\":{\"column_breakpoint\":\"m\",\"content\":\"\n\n<h3 style=\\\"color: white;\\\">ANDRE \\u00ab\\u202fMOOSE\\u202f\\u00bb DUPONT<\\\/h3>\\n\n\n<div class=\\\"item_introtext\\\">\\n\n\n<p><span class=\\\"link_color\\\">D\\u00e9pisteur et conseiller en d\\u00e9veloppement hockey<\\\/span><\\\/p>\\n\n\n<p>Gagnant de deux coupes Stanley avec les Flyers de Philadelphie et r\\u00e9cipiendaire de multiples prix et honneurs professionnels, <strong>Andr\\u00e9 \\u00ab Moose \\u00bb Dupont<\\\/strong> a jou\\u00e9 plus de 800 matchs au cours d\\u2019une carri\\u00e8re qui s\\u2019\\u00e9chelonne sur 14 ans dans la LNH. D\\u00e9pisteur pour les S\\u00e9nateurs d\\u2019Ottawa entre 1991 et 1995, il a aussi occup\\u00e9 des postes d\\u2019entra\\u00eeneur et de directeur-g\\u00e9rant au niveau du hockey junior-majeur. Moose Dupont puise dans cette vaste exp\\u00e9rience pour conseiller ses prot\\u00e9g\\u00e9s chez <strong>PARAPHE Sports-Management<\\\/strong> depuis 1999.<\\\/p>\\n<\\\/div>\",\"content_en_us\":\"\n\n<h3 style=\\\"color: white;\\\">ANDRE \\u00ab\\u202fMOOSE\\u202f\\u00bb DUPONT<\\\/h3>\\n\n\n<p><span class=\\\"link_color\\\">Scout and Hockey Development Cousellor<\\\/span><\\\/p>\\n\n\n<p>Winner of two Stanley Cups with the Philadelphia Flyers and recipient of multiple professional hockey honours and awards,<span>\\u00a0<\\\/span><strong>Andre \\u00ab Moose \\u00bb Dupont<\\\/strong><span>\\u00a0<\\\/span>played over 800 games in the NHL in his 14-year career. Scout with the Ottawa Senators between 1991 and 1995, he has also acquired coaching and management experiences in the Quebec Major Junior Hockey League. Moose Dupont has been a counsellor with<span>\\u00a0<\\\/span><strong>PARAPHE Sports-Management<\\\/strong><span>\\u00a0<\\\/span>since 1999.<\\\/p>\",\"css\":\".el-element{font-family:\\\"roboto\\\";font-size:1.2em;}\",\"margin\":\"default\",\"text_color\":\"primary\"}}]},{\"type\":\"column\",\"props\":{\"css\":\".el-column{max-width:15%;}\",\"image_position\":\"center-center\",\"position_sticky_breakpoint\":\"m\",\"width_medium\":\"1-4\",\"width_small\":\"1-2\"}}]},{\"type\":\"row\",\"props\":{\"layout\":\"1-4,1-4,1-4,1-4|1-2,1-2,1-2,1-2\"},\"children\":[{\"type\":\"column\",\"props\":{\"css\":\".el-column{max-width:15%;}\",\"image_position\":\"center-center\",\"position_sticky_breakpoint\":\"m\",\"width_medium\":\"1-4\",\"width_small\":\"1-2\"}},{\"type\":\"column\",\"props\":{\"image_position\":\"center-center\",\"position_sticky_breakpoint\":\"m\",\"width_medium\":\"1-4\",\"width_small\":\"1-2\"},\"children\":[{\"type\":\"image\",\"props\":{\"image\":\"wp-content\\\/uploads\\\/2025\\\/01\\\/Maxime-Hamelin.jpg\",\"image_svg_color\":\"emphasis\",\"margin\":\"default\"}},{\"type\":\"text\",\"props\":{\"column_breakpoint\":\"m\",\"content\":\"\n\n<h2 style=\\\"color: white;\\\">MAXIME HAMELIN<\\\/h2>\\n\n\n<div class=\\\"item_introtext\\\">\\n\n\n<div class=\\\"item_introtext\\\">\\n\n\n<p><span class=\\\"link_color\\\">D\\u00e9pisteur et conseiller<\\\/span><\\\/p>\\n\n\n<p>Un administrateur comp\\u00e9tent et un passionn\\u00e9 du hockey, Maxime Hamelin agit \\u00e0 titre de d\\u00e9pisteur et conseiller pour les joueurs de niveaux midget et junior. Maxime d\\u00e9tient un baccalaur\\u00e9at en Administration des affaires-Gestion des ressources humaines obtenu de l\\u2019Universit\\u00e9 du Qu\\u00e9bec \\u00e0 Trois-Rivi\\u00e8res (UQTR).\\u00a0Son exp\\u00e9rience aupr\\u00e8s de jeunes joueurs lui ont permis de d\\u00e9velopper ses comp\\u00e9tences en enseignement et en communication.<\\\/p>\\n<\\\/div>\\n<\\\/div>\",\"content_en_us\":\"\n\n<h2 style=\\\"color: white;\\\">MAXIME HAMELIN<\\\/h2>\\n\n\n<div class=\\\"item_introtext\\\">\\n\n\n<p><span class=\\\"link_color\\\">Scout and Counsellor<\\\/span><\\\/p>\\n\n\n<p>A competent administrator and hockey passionate,<span>\\u00a0<\\\/span><strong>Maxime Hamelin<\\\/strong><span>\\u00a0<\\\/span>acts as scout and counsellor for players of midget and junior levels. Maxime holds a bachelor\\u2019s degree in Business Administration and Human Resources, obtained from the<span>\\u00a0<\\\/span><em>University of Quebec in Trois-Rivieres<\\\/em><span>\\u00a0<\\\/span>(UQTR). Several years spent coaching young hockey players helped Maxime develop his teaching and communication skills.<\\\/p>\\n<\\\/div>\",\"css\":\".el-element{font-family:\\\"roboto\\\";font-size:1.2em;}\",\"margin\":\"default\",\"text_color\":\"primary\"}}]},{\"type\":\"column\",\"props\":{\"image_position\":\"center-center\",\"position_sticky_breakpoint\":\"m\",\"width_medium\":\"1-4\",\"width_small\":\"1-2\"},\"children\":[{\"type\":\"image\",\"props\":{\"image\":\"wp-content\\\/uploads\\\/2025\\\/01\\\/Alexe-Corbeil.jpg\",\"image_svg_color\":\"emphasis\",\"margin\":\"default\"}},{\"type\":\"text\",\"props\":{\"column_breakpoint\":\"m\",\"content\":\"\n\n<h2 style=\\\"color: white;\\\">ALEXE CORBEIL<\\\/h2>\\n\n\n<div class=\\\"item_introtext\\\">\\n\n\n<p><span class=\\\"link_color\\\">Assistante de direction<\\\/span><\\\/p>\\n\n\n<p>Alexe Corbeil agit en tant qu'assistante de direction\\u00a0dans la gestion des joueurs de l'agence. Avant de se joindre \\u00e0<span>\\u00a0<\\\/span><strong>PARAPHE<\\\/strong>, Alexe a cumul\\u00e9 pr\\u00e8s de 10 ans d'exp\\u00e9rience en gestion des ressources humaines et en sant\\u00e9 et s\\u00e9curit\\u00e9 au travail.\\u00a0 Elle est titulaire d'un baccalaur\\u00e9at en administration des affaires - gestion des ressources humaines de l'<em>Universit\\u00e9 du Qu\\u00e9bec \\u00e0 Trois-Rivi\\u00e8res<\\\/em><span>\\u00a0<\\\/span>(UQTR).<\\\/p>\\n<\\\/div>\",\"content_en_us\":\"\n\n<h2 style=\\\"color: white;\\\">ALEXE CORBEIL<\\\/h2>\\n\n\n<p><span class=\\\"link_color\\\">Executive Assistant<\\\/span><\\\/p>\\n\n\n<p>Alexe acts as executive assistant in the management of the agency's players. Prior to joining<span>\\u00a0<\\\/span><strong>PARAPHE<\\\/strong>, Alexe accumulated nearly 10 years' experience in human resources management and occupational health and safety. She holds a Bachelor's degree in Business Administration - Human Resources Management from the<span>\\u00a0<\\\/span><em>Universit\\u00e9 du Qu\\u00e9bec \\u00e0 Trois-Rivi\\u00e8res<\\\/em><span>\\u00a0<\\\/span>(UQTR).<\\\/p>\",\"css\":\".el-element{font-family:\\\"roboto\\\";font-size:1.2em;}\",\"margin\":\"default\",\"text_color\":\"primary\"}}]},{\"type\":\"column\",\"props\":{\"css\":\".el-column{max-width:15%;}\",\"image_position\":\"center-center\",\"position_sticky_breakpoint\":\"m\",\"width_medium\":\"1-4\",\"width_small\":\"1-2\"}}]}]}],\"version\":\"4.5.1\"} --><\/p>\n","protected":false},"excerpt":{"rendered":"<p>NOTRE \u00c9QUIPE PAUL CORBEIL Fondateur et directeur Anim\u00e9 par sa passion du hockey et du management sportif, Paul Corbeil a fond\u00e9 PARAPHE Sports-Management en 1993.Certifi\u00e9 depuis 1996 par l\u2019Association des joueurs de la Ligue nationale de hockey, Paul agit \u00e0 titre d\u2019agent n\u00e9gociateur et repr\u00e9sentant pour les athl\u00e8tes. Ayant obtenu une maitrise en droit de [&hellip;]<\/p>\n","protected":false},"author":1,"featured_media":0,"parent":0,"menu_order":0,"comment_status":"closed","ping_status":"closed","template":"","meta":{"_acf_changed":false,"footnotes":""},"class_list":["post-1384","page","type-page","status-publish","hentry"],"acf":[],"_links":{"self":[{"href":"https:\/\/paraphe.ca\/fr\/wp-json\/wp\/v2\/pages\/1384","targetHints":{"allow":["GET"]}}],"collection":[{"href":"https:\/\/paraphe.ca\/fr\/wp-json\/wp\/v2\/pages"}],"about":[{"href":"https:\/\/paraphe.ca\/fr\/wp-json\/wp\/v2\/types\/page"}],"author":[{"embeddable":true,"href":"https:\/\/paraphe.ca\/fr\/wp-json\/wp\/v2\/users\/1"}],"replies":[{"embeddable":true,"href":"https:\/\/paraphe.ca\/fr\/wp-json\/wp\/v2\/comments?post=1384"}],"version-history":[{"count":39,"href":"https:\/\/paraphe.ca\/fr\/wp-json\/wp\/v2\/pages\/1384\/revisions"}],"predecessor-version":[{"id":1610,"href":"https:\/\/paraphe.ca\/fr\/wp-json\/wp\/v2\/pages\/1384\/revisions\/1610"}],"wp:attachment":[{"href":"https:\/\/paraphe.ca\/fr\/wp-json\/wp\/v2\/media?parent=1384"}],"curies":[{"name":"wp","href":"https:\/\/api.w.org\/{rel}","templated":true}]}}