{"id":1552,"date":"2024-01-18T17:11:17","date_gmt":"2024-01-18T17:11:17","guid":{"rendered":"https:\/\/paraphe.ca\/?page_id=1552"},"modified":"2025-02-10T14:13:48","modified_gmt":"2025-02-10T14:13:48","slug":"contacts","status":"publish","type":"page","link":"https:\/\/paraphe.ca\/en\/contacts\/","title":{"rendered":"Nous joindre"},"content":{"rendered":"<h1>NOUS JOINDRE<\/h1>\n<ul>\n<li>\n<h2>Adresse<\/h2>\n<div>\n<p style=\"font-size: 1.4em; color: white;\">56 rue Fusey <br \/>Trois-Rivi\u00e8res (Qu\u00e9bec)<br \/>Canada G8T 2T7<\/p>\n<\/div>\n<\/li>\n<li>\n<h2>T\u00e9l\u00e9phone<\/h2>\n<div>\n<p style=\"font-size: 1.4em; color: white;\">(819) 693-9991<\/p>\n<\/div>\n<\/li>\n<li>\n<h2>COURRIEL<\/h2>\n<div>\n<p style=\"font-size: 1.4em; color: white;\"><a href=\"mailto:paulcorbeil@paraphe.ca\">paulcorbeil@paraphe.ca<\/a><\/p>\n<\/div>\n<\/li>\n<\/ul>\n<div>\n\t\t\t<div class=\"srfm-form-container srfm-form-container-1697 srfm-bg-color\">\n\t\t\t<style>\n\t\t\t\t\/* Need to check and remove the input variables related to the Style Tab. *\/\n\t\t\t\t.srfm-form-container-1697 {\n\t\t\t\t\t\/* New test variables *\/\n\t\t\t\t\t--srfm-color-scheme-primary: #fefefe;\n\t\t\t\t\t--srfm-color-scheme-text-on-primary: #d8d8d8;\n\t\t\t\t\t--srfm-color-scheme-text: #d9d9d9;\n\t\t\t\t\t--srfm-quill-editor-color: #fefefe;\n\n\t\t\t\t\t--srfm-color-input-label: #d9d9d9;\n\t\t\t\t\t--srfm-color-input-description: hsl( from #d9d9d9 h s l \/ 0.65 );\n\t\t\t\t\t--srfm-color-input-placeholder: hsl( from #d9d9d9 h s l \/ 0.5 );\n\t\t\t\t\t--srfm-color-input-text: #d9d9d9;\n\t\t\t\t\t--srfm-color-input-prefix: hsl( from #d9d9d9 h s l \/ 0.65 );\n\t\t\t\t\t--srfm-color-input-background: hsl( from #d9d9d9 h s l \/ 0.02 );\n\t\t\t\t\t--srfm-color-input-background-hover: hsl( from #d9d9d9 h s l \/ 0.05 );\n\t\t\t\t\t--srfm-color-input-background-disabled: hsl( from #d9d9d9 h s l \/ 0.07 );\n\t\t\t\t\t--srfm-color-input-border: hsl( from #d9d9d9 h s l \/ 0.25 );\n\t\t\t\t\t--srfm-color-input-border-disabled: hsl( from #d9d9d9 h s l \/ 0.15 );\n\t\t\t\t\t--srfm-color-multi-choice-svg: hsl( from #d9d9d9 h s l \/ 0.7 );\n\t\t\t\t\t--srfm-color-input-border-hover: hsl( from #fefefe h s l \/ 0.65 );\n\t\t\t\t\t--srfm-color-input-border-focus-glow: hsl( from #fefefe h s l \/ 0.15 );\n\t\t\t\t\t--srfm-color-input-selected: hsl( from #fefefe h s l \/ 0.1 );\n\t\t\t\t\t--srfm-btn-color-hover: hsl( from #fefefe h s l \/ 0.9 );\n\t\t\t\t\t--srfm-btn-color-disabled: hsl( from #fefefe h s l \/ 0.25 );\n\n\t\t\t\t\t\/* Dropdown Variables *\/\n\t\t\t\t\t--srfm-dropdown-input-background-hover: hsl( from #d9d9d9 h s l \/ 0.05 );\n\t\t\t\t\t--srfm-dropdown-option-background-hover: hsl( from #d9d9d9 h s l \/ 0.10 );\n\t\t\t\t\t--srfm-dropdown-option-background-selected: hsl( from #d9d9d9 h s l \/ 0.05 );\n\t\t\t\t\t--srfm-dropdown-option-selected-icon: hsl( from #d9d9d9 h s l \/ 0.65 );\n\t\t\t\t\t--srfm-dropdown-option-text-color: hsl( from #d9d9d9 h s l \/ 0.80 );\n\t\t\t\t\t--srfm-dropdown-option-selected-text: #d9d9d9;\n\t\t\t\t\t--srfm-dropdown-badge-background: hsl( from #d9d9d9 h s l \/ 0.05 );\n\t\t\t\t\t--srfm-dropdown-badge-background-hover: hsl( from #d9d9d9 h s l \/ 0.10 );\n\t\t\t\t\t--srfm-dropdown-menu-border-color: hsl( from #d9d9d9 h s l \/ 0.10 );\n\t\t\t\t\t--srfm-dropdown-placeholder-color: hsl( from #d9d9d9 h s l \/ 0.50 );\n\t\t\t\t\t--srfm-dropdown-icon-color: hsl( from #d9d9d9 h s l \/ 0.65 );\n\t\t\t\t\t--srfm-dropdown-icon-disabled: hsl( from #d9d9d9 h s l \/ 0.25 );\n\n\t\t\t\t\t\/* Background Control Variables *\/\n\t\t\t\t\t--srfm-instant-form-padding-top: 32px;--srfm-instant-form-padding-right: 32px;--srfm-instant-form-padding-bottom: 32px;--srfm-instant-form-padding-left: 32px;--srfm-instant-form-border-radius-top: 12px;--srfm-instant-form-border-radius-right: 12px;--srfm-instant-form-border-radius-bottom: 12px;--srfm-instant-form-border-radius-left: 12px;--srfm-form-padding-top: 0px;--srfm-form-padding-right: 0px;--srfm-form-padding-bottom: 0px;--srfm-form-padding-left: 0px;--srfm-form-border-radius-top: 0px;--srfm-form-border-radius-right: 0px;--srfm-form-border-radius-bottom: 0px;--srfm-form-border-radius-left: 0px;--srfm-bg-color: #ffffff;--srfm-bg-overlay-opacity: 1;\t\t\t\t\t--srfm-row-gap-between-blocks: 18px;--srfm-address-label-font-size: 16px;--srfm-address-label-line-height: 24px;--srfm-address-description-font-size: 14px;--srfm-address-description-line-height: 20px;--srfm-col-gap-between-fields: 16px;--srfm-row-gap-between-fields: 16px;--srfm-gap-below-address-label: 14px;--srfm-dropdown-font-size: 14px;--srfm-dropdown-gap-between-input-menu: 4px;--srfm-dropdown-badge-padding: 2px 6px;--srfm-dropdown-multiselect-font-size: 12px;--srfm-dropdown-multiselect-line-height: 16px;--srfm-dropdown-padding-right: 12px;--srfm-dropdown-padding-right-icon: calc( var( --srfm-dropdown-padding-right ) + 20px );--srfm-dropdown-multiselect-padding: 8px var( --srfm-dropdown-padding-right-icon ) 8px 8px;--srfm-input-height: 44px;--srfm-input-field-padding: 10px 12px;--srfm-input-field-font-size: 16px;--srfm-input-field-line-height: 24px;--srfm-input-field-margin-top: 6px;--srfm-input-field-margin-bottom: 6px;--srfm-checkbox-label-font-size: 16px;--srfm-checkbox-label-line-height: 24px;--srfm-checkbox-description-font-size: 14px;--srfm-checkbox-description-line-height: 20px;--srfm-check-ctn-width: 16px;--srfm-check-ctn-height: 16px;--srfm-check-svg-size: 10px;--srfm-checkbox-margin-top-frontend: 4px;--srfm-checkbox-margin-top-editor: 6px;--srfm-check-gap: 8px;--srfm-checkbox-description-margin-left: 24px;--srfm-flag-section-padding: 10px 0 10px 12px;--srfm-gap-between-icon-text: 8px;--srfm-label-font-size: 16px;--srfm-label-line-height: 24px;--srfm-description-font-size: 14px;--srfm-description-line-height: 20px;--srfm-btn-padding: 10px 14px;--srfm-btn-font-size: 16px;--srfm-btn-line-height: 24px;--srfm-multi-choice-horizontal-padding: 20px;--srfm-multi-choice-vertical-padding: 20px;--srfm-multi-choice-internal-option-gap: 8px;--srfm-multi-choice-vertical-svg-size: 40px;--srfm-multi-choice-horizontal-image-size: 24px;--srfm-multi-choice-vertical-image-size: 120px;--srfm-multi-choice-outer-padding: 2px;\t\t\t\t}\n\t\t\t<\/style>\n\t\t\t\t\t\t\t<form method=\"post\" enctype=\"multipart\/form-data\" id=\"srfm-form-1697\" class=\"srfm-form \"\n\t\t\t\tform-id=\"1697\" after-submission=\"hide form\" message-type=\"same page\" success-url=\"\" ajaxurl=\"https:\/\/paraphe.ca\/wp-admin\/admin-ajax.php\" data-nonce=\"39c6d507b1\"\n\t\t\t\t>\n\t\t\t\t<input type=\"hidden\" id=\"sureforms_form_submit\" name=\"sureforms_form_submit\" value=\"1215f1353c\" \/><input type=\"hidden\" name=\"_wp_http_referer\" value=\"\/en\/wp-json\/wp\/v2\/pages\/1552\" \/>\n\t\t\t\t<input type=\"hidden\" value=\"1697\" name=\"form-id\">\n\t\t\t\t<input type=\"hidden\" value=\"\" name=\"srfm-sender-email-field\" id=\"srfm-sender-email\">\n\t\t\t\t<input type=\"hidden\" value=\"\" id=\"srfm-page-break\">\n\t\t\t\t\t\t<p id=\"srfm-error-message\" class=\"srfm-common-error-message srfm-error-message srfm-head-error\" hidden>\t\t<span class=\"srfm-icon\" aria-hidden=\"true\">\n\t\t\t<svg xmlns='http:\/\/www.w3.org\/2000\/svg' width='20' height='20' fill='none'><path d='M9.99935 18.3327C14.6017 18.3327 18.3327 14.6017 18.3327 9.99935C18.3327 5.39698 14.6017 1.66602 9.99935 1.66602C5.39698 1.66602 1.66602 5.39698 1.66602 9.99935C1.66602 14.6017 5.39698 18.3327 9.99935 18.3327Z' stroke='currentColor' stroke-width='1.5' stroke-linecap='round' stroke-linejoin='round' \/><path d='M10 6.66602V9.99935' stroke='currentColor' stroke-width='1.5' stroke-linecap='round' stroke-linejoin='round' \/><path d='M10 13.334H10.0083' stroke='currentColor' stroke-width='1.5' stroke-linecap='round' stroke-linejoin='round' \/><\/svg>\t\t<\/span>\n\t\t<span class=\"srfm-error-content\">There was an error trying to submit your form. Please try again.<\/span><\/p>\n\t\t\t\t\t<div data-block-id=\"de25e5cb\" class=\"srfm-block-single srfm-block srfm-input-block srf-input-de25e5cb-block  srfm-block-width-33-33 srfm-slug-votre-nom 1697\" >\n\t\t\t\t\t\t\t\t<label id=\"srfm-label-de25e5cb-lbl-Vm90cmUgbm9t\" for=\"srfm-input-de25e5cb-lbl-Vm90cmUgbm9t\" class=\"srfm-block-label\">\n\t\t\t\t\t\tVotre nom\t\t\t\t\t\t\t\t\t\t\t<\/label>\n\t\t\t\t\t\t\t\t\t\t\t\t<div class=\"srfm-block-wrap\">\n\t\t\t\t<input class=\"srfm-input-common srfm-input-input\" type=\"text\" name=\"srfm-input-de25e5cb-lbl-Vm90cmUgbm9t-votre-nom\" id=\"srfm-input-de25e5cb-lbl-Vm90cmUgbm9t\"\n\t\t\t\t\taria-describedby='srfm-error-de25e5cb'\t\t\t\t\tdata-required=\"false\" aria-required=\"false\" data-unique=\"false\" maxlength=\"100\" value=\"\"  data-srfm-mask=\"none\"   \/>\n\t\t\t\t<\/div>\n\t\t\t\t<div class=\"srfm-error-wrap\">\n\t\t\t\t\t\t\t\t\t\t<div class=\"srfm-error-message\" data-srfm-id=\"srfm-error-de25e5cb\" data-error-msg=\"This field is required.\" data-unique-msg=\"Value needs to be unique.\">\n\t\t\t\t\t\tThis field is required.\t\t\t\t\t<\/div>\n\t\t\t\t\t\t\t\t\t<\/div>\n\t\t\t<\/div>\n\t\t\n\n\t\t\t<div data-block-id=\"7b654eb7\" class=\"srfm-block-single srfm-block srfm-input-block srf-input-7b654eb7-block  srfm-block-width-33-33 srfm-slug-courriel 1697\" >\n\t\t\t\t\t\t\t\t<label id=\"srfm-label-7b654eb7-lbl-Q291cnJpZWw\" for=\"srfm-input-7b654eb7-lbl-Q291cnJpZWw\" class=\"srfm-block-label\">\n\t\t\t\t\t\tCourriel\t\t\t\t\t\t\t\t\t\t\t<\/label>\n\t\t\t\t\t\t\t\t\t\t\t\t<div class=\"srfm-block-wrap\">\n\t\t\t\t<input class=\"srfm-input-common srfm-input-input\" type=\"text\" name=\"srfm-input-7b654eb7-lbl-Q291cnJpZWw-courriel\" id=\"srfm-input-7b654eb7-lbl-Q291cnJpZWw\"\n\t\t\t\t\taria-describedby='srfm-error-7b654eb7'\t\t\t\t\tdata-required=\"false\" aria-required=\"false\" data-unique=\"false\" maxlength=\"100\" value=\"\"  data-srfm-mask=\"none\"   \/>\n\t\t\t\t<\/div>\n\t\t\t\t<div class=\"srfm-error-wrap\">\n\t\t\t\t\t\t\t\t\t\t<div class=\"srfm-error-message\" data-srfm-id=\"srfm-error-7b654eb7\" data-error-msg=\"This field is required.\" data-unique-msg=\"Value needs to be unique.\">\n\t\t\t\t\t\tThis field is required.\t\t\t\t\t<\/div>\n\t\t\t\t\t\t\t\t\t<\/div>\n\t\t\t<\/div>\n\t\t\n\n\t\t\t<div data-block-id=\"17a9ccab\" class=\"srfm-block-single srfm-block srfm-input-block srf-input-17a9ccab-block  srfm-block-width-33-33 srfm-slug-telephone 1697\" >\n\t\t\t\t\t\t\t\t<label id=\"srfm-label-17a9ccab-lbl-VMOpbMOpcGhvbmU\" for=\"srfm-input-17a9ccab-lbl-VMOpbMOpcGhvbmU\" class=\"srfm-block-label\">\n\t\t\t\t\t\tT\u00e9l\u00e9phone\t\t\t\t\t\t\t\t\t\t\t<\/label>\n\t\t\t\t\t\t\t\t\t\t\t\t<div class=\"srfm-block-wrap\">\n\t\t\t\t<input class=\"srfm-input-common srfm-input-input\" type=\"text\" name=\"srfm-input-17a9ccab-lbl-VMOpbMOpcGhvbmU-telephone\" id=\"srfm-input-17a9ccab-lbl-VMOpbMOpcGhvbmU\"\n\t\t\t\t\taria-describedby='srfm-error-17a9ccab'\t\t\t\t\tdata-required=\"false\" aria-required=\"false\" data-unique=\"false\" maxlength=\"100\" value=\"\"  data-srfm-mask=\"none\"   \/>\n\t\t\t\t<\/div>\n\t\t\t\t<div class=\"srfm-error-wrap\">\n\t\t\t\t\t\t\t\t\t\t<div class=\"srfm-error-message\" data-srfm-id=\"srfm-error-17a9ccab\" data-error-msg=\"This field is required.\" data-unique-msg=\"Value needs to be unique.\">\n\t\t\t\t\t\tThis field is required.\t\t\t\t\t<\/div>\n\t\t\t\t\t\t\t\t\t<\/div>\n\t\t\t<\/div>\n\t\t\n\n\t\t<div data-block-id=\"0b67cefe\" class=\"srfm-block-single srfm-block srfm-textarea-block srf-textarea-0b67cefe-block  srfm-block-width-100 1697\">\n\t\t\t\t\t\t\t\t<label id=\"srfm-label-0b67cefe-lbl-TWVzc2FnZQ-8826\" for=\"srfm-textarea-0b67cefe-lbl-TWVzc2FnZQ-8826\" class=\"srfm-block-label\">\n\t\t\t\t\t\tMessage\t\t\t\t\t\t\t\t\t\t\t<\/label>\n\t\t\t\t\t\t\t\t\t\t\t<div class=\"srfm-block-wrap\">\n\t\t\t\t<textarea\n\t\t\t\t\tclass=\"srfm-input-common srfm-input-textarea\"\n\t\t\t\t\tname=\"srfm-textarea-0b67cefe-lbl-TWVzc2FnZQ-message\"\n\t\t\t\t\tid=\"srfm-textarea-0b67cefe-lbl-TWVzc2FnZQ-8826\"\n\t\t\t\t\taria-describedby='srfm-error-0b67cefe'\t\t\t\t\tdata-required=\"false\" aria-required=\"false\"  rows=\"4\"  \t\t\t\t\t\t\t\t\t\t\t\t\t\t\t><\/textarea>\n\t\t\t\t\t\t\t<\/div>\n\t\t\t<div class=\"srfm-error-wrap\">\n\t\t\t\t\t\t\t<\/div>\n\t\t<\/div>\n\n\t\t\t\t\t\t\t\n\t\t\t\t\t\n\t\t\t\t\t<div class=\"srfm-submit-container \" style=\"\">\n\t\t\t\t\t\t<div style=\"width: ; text-align: left\" class=\"wp-block-button\">\n\t\t\t\t\t\t\t\t\t\t\t\t\t\t\t\t\t\t\t<button style=\"\" id=\"srfm-submit-btn\" class=\"srfm-btn-frontend srfm-button srfm-submit-button\"\n\t\t\t\t\t\t\t\t\t\t\t\t\t\t>\n\t\t\t\t\t\t\t\t<div class=\"srfm-submit-wrap\">\n\t\t\t\t\t\t\t\t\tSoumettre\t\t\t\t\t\t\t\t<div class=\"srfm-loader\"><\/div>\n\t\t\t\t\t\t\t\t<\/div>\n\t\t\t\t\t\t\t<\/button>\n\t\t\t\t\t\t\t\t\t\t\t\t\t\t\t\t\t\t<\/div>\n\t\t\t\t\t<\/div>\n\t\t\t\t\t\t\t<p id=\"srfm-error-message\" class=\"srfm-common-error-message srfm-error-message srfm-footer-error\" hidden>\t\t<span class=\"srfm-icon\" aria-hidden=\"true\">\n\t\t\t<svg xmlns='http:\/\/www.w3.org\/2000\/svg' width='20' height='20' fill='none'><path d='M9.99935 18.3327C14.6017 18.3327 18.3327 14.6017 18.3327 9.99935C18.3327 5.39698 14.6017 1.66602 9.99935 1.66602C5.39698 1.66602 1.66602 5.39698 1.66602 9.99935C1.66602 14.6017 5.39698 18.3327 9.99935 18.3327Z' stroke='currentColor' stroke-width='1.5' stroke-linecap='round' stroke-linejoin='round' \/><path d='M10 6.66602V9.99935' stroke='currentColor' stroke-width='1.5' stroke-linecap='round' stroke-linejoin='round' \/><path d='M10 13.334H10.0083' stroke='currentColor' stroke-width='1.5' stroke-linecap='round' stroke-linejoin='round' \/><\/svg>\t\t<\/span>\n\t\t<span class=\"srfm-error-content\">There was an error trying to submit your form. Please try again.<\/span><\/p>\n\t\t\t\t\t<\/form>\n\t\t\t<div class=\"srfm-single-form srfm-success-box in-page\">\n\t\t\t\t<div aria-live=\"polite\" aria-atomic=\"true\" role=\"alert\" id=\"srfm-success-message-page-1697\" class=\"srfm-success-box-description\"><\/div>\n\t\t\t<\/div>\n\t\t\t<\/div>\n\t\t<\/div>\n<div>\n<p>46.36458685,-72.5282026<\/p>\n<\/div>\n<p><!--more--><br \/>\n<!-- {\"type\":\"layout\",\"children\":[{\"type\":\"section\",\"props\":{\"image_position\":\"center-center\",\"style\":\"default\",\"title_breakpoint\":\"xl\",\"title_position\":\"top-left\",\"title_rotation\":\"left\",\"vertical_align\":\"\",\"width\":\"\"},\"children\":[{\"type\":\"row\",\"children\":[{\"type\":\"column\",\"props\":{\"image_position\":\"center-center\",\"position_sticky_breakpoint\":\"m\"},\"children\":[{\"type\":\"headline\",\"props\":{\"content\":\"NOUS JOINDRE\",\"content_en_us\":\"CONTACT\",\"text_align\":\"center\",\"title_color\":\"primary\",\"title_element\":\"h1\"}},{\"type\":\"grid\",\"props\":{\"content_column_breakpoint\":\"m\",\"filter_align\":\"left\",\"filter_all\":true,\"filter_grid_breakpoint\":\"m\",\"filter_grid_width\":\"auto\",\"filter_position\":\"top\",\"filter_style\":\"tab\",\"grid_default\":\"1\",\"grid_divider\":true,\"grid_large\":\"3\",\"grid_medium\":\"\",\"grid_row_align\":false,\"grid_small\":\"2\",\"icon_width\":80,\"image_align\":\"left\",\"image_grid_breakpoint\":\"s\",\"image_grid_column_gap\":\"small\",\"image_grid_row_gap\":\"small\",\"image_grid_width\":\"auto\",\"image_loading\":false,\"image_svg_color\":\"emphasis\",\"image_svg_inline\":true,\"item_animation\":true,\"lightbox_bg_close\":true,\"link_size\":\"small\",\"link_style\":\"default\",\"link_text\":\"Read more\",\"margin\":\"large\",\"meta_align\":\"below-title\",\"meta_element\":\"div\",\"meta_style\":\"text-meta\",\"parallax_easing\":\"1\",\"show_content\":true,\"show_hover_image\":true,\"show_hover_video\":true,\"show_image\":false,\"show_link\":false,\"show_meta\":false,\"show_title\":true,\"show_video\":true,\"text_align\":\"left\",\"text_align_breakpoint\":\"s\",\"text_align_fallback\":\"center\",\"title_align\":\"top\",\"title_color\":\"primary\",\"title_element\":\"h2\",\"title_font_family\":\"primary\",\"title_grid_breakpoint\":\"m\",\"title_grid_width\":\"1-2\",\"title_hover_style\":\"reset\",\"title_style\":\"h2\"},\"children\":[{\"type\":\"grid_item\",\"props\":{\"content\":\"\n\n<p style=\\\"font-size: 1.4em; color: white;\\\">56 rue Fusey <br \\\/>Trois-Rivi\\u00e8res (Qu\\u00e9bec)<br \\\/>Canada G8T 2T7<\\\/p>\",\"image\":\"\",\"meta_en_us\":\"ADDRESS\",\"title\":\"Adresse\",\"title_en_us\":\"ADDRESS\"}},{\"type\":\"grid_item\",\"props\":{\"content\":\"\n\n<p style=\\\"font-size: 1.4em; color: white;\\\">(819) 693-9991<\\\/p>\",\"image\":\"\",\"meta_en_us\":\"PHONE\",\"title\":\"T\\u00e9l\\u00e9phone\",\"title_en_us\":\"PHONE\"}},{\"type\":\"grid_item\",\"props\":{\"content\":\"\n\n<p style=\\\"font-size: 1.4em; color: white;\\\"><a href=\\\"mailto:paulcorbeil@paraphe.ca\\\">paulcorbeil@paraphe.ca<\\\/a><\\\/p>\",\"image\":\"\",\"meta_en_us\":\"EMAIL\",\"title\":\"COURRIEL\",\"title_en_us\":\"EMAIL\"}}]}]}],\"props\":{\"column_gap\":\"collapse\",\"margin\":\"large\",\"margin_remove_top\":true,\"row_gap\":\"collapse\",\"width\":\"large\"}},{\"type\":\"row\",\"props\":{\"column_gap\":\"medium\",\"width\":\"small\"},\"children\":[{\"type\":\"column\",\"props\":{\"image_position\":\"center-center\",\"position_sticky_breakpoint\":\"m\"},\"children\":[{\"type\":\"html\",\"props\":{\"content\":\"[sureforms id='1697']\",\"content_en_us\":\"[sureforms id='1760']\"}}]}]},{\"type\":\"row\",\"props\":{\"margin\":\"large\",\"margin_remove_top\":false,\"width\":\"large\"},\"children\":[{\"type\":\"column\",\"props\":{\"image_position\":\"center-center\",\"position_sticky_breakpoint\":\"m\"},\"children\":[{\"type\":\"map\",\"props\":{\"controls\":true,\"dragging\":true,\"height\":\"550\",\"image_svg_color\":\"emphasis\",\"link_style\":\"default\",\"link_text\":\"Read more\",\"margin\":\"default\",\"marker_icon_height\":\"38\",\"marker_icon_width\":\"42\",\"max_zoom\":18,\"meta_align\":\"below-title\",\"meta_element\":\"div\",\"meta_style\":\"text-meta\",\"min_zoom\":0,\"poi\":false,\"show_content\":true,\"show_image\":true,\"show_link\":true,\"show_meta\":true,\"show_title\":true,\"styler_lightness\":\"40\",\"styler_saturation\":\"-100\",\"title_element\":\"h3\",\"title_hover_style\":\"reset\",\"type\":\"satellite\",\"zoom\":\"15\",\"zooming\":false},\"children\":[{\"type\":\"map_item\",\"props\":{\"location\":\"46.36458685,-72.5282026\"}}]}]}]}],\"name\":\"Contact\"},{\"type\":\"section\",\"props\":{\"image_position\":\"center-center\",\"style\":\"default\",\"title_breakpoint\":\"xl\",\"title_position\":\"top-left\",\"title_rotation\":\"left\",\"vertical_align\":\"\",\"width\":\"default\"},\"children\":[{\"type\":\"row\",\"children\":[{\"type\":\"column\",\"props\":{\"image_position\":\"center-center\",\"position_sticky_breakpoint\":\"m\"}}]}]}],\"version\":\"4.5.4\"} --><\/p>\n","protected":false},"excerpt":{"rendered":"<p>NOUS JOINDRE Adresse 56 rue Fusey Trois-Rivi\u00e8res (Qu\u00e9bec)Canada G8T 2T7 T\u00e9l\u00e9phone (819) 693-9991 COURRIEL paulcorbeil@paraphe.ca There was an error trying to submit your form. Please try again. Votre nom This field is required. Courriel This field is required. T\u00e9l\u00e9phone This field is required. Message Soumettre There was an error trying to submit your form. Please [&hellip;]<\/p>\n","protected":false},"author":1,"featured_media":0,"parent":0,"menu_order":0,"comment_status":"closed","ping_status":"closed","template":"","meta":{"_acf_changed":false,"footnotes":""},"class_list":["post-1552","page","type-page","status-publish","hentry"],"acf":[],"_links":{"self":[{"href":"https:\/\/paraphe.ca\/en\/wp-json\/wp\/v2\/pages\/1552","targetHints":{"allow":["GET"]}}],"collection":[{"href":"https:\/\/paraphe.ca\/en\/wp-json\/wp\/v2\/pages"}],"about":[{"href":"https:\/\/paraphe.ca\/en\/wp-json\/wp\/v2\/types\/page"}],"author":[{"embeddable":true,"href":"https:\/\/paraphe.ca\/en\/wp-json\/wp\/v2\/users\/1"}],"replies":[{"embeddable":true,"href":"https:\/\/paraphe.ca\/en\/wp-json\/wp\/v2\/comments?post=1552"}],"version-history":[{"count":40,"href":"https:\/\/paraphe.ca\/en\/wp-json\/wp\/v2\/pages\/1552\/revisions"}],"predecessor-version":[{"id":1934,"href":"https:\/\/paraphe.ca\/en\/wp-json\/wp\/v2\/pages\/1552\/revisions\/1934"}],"wp:attachment":[{"href":"https:\/\/paraphe.ca\/en\/wp-json\/wp\/v2\/media?parent=1552"}],"curies":[{"name":"wp","href":"https:\/\/api.w.org\/{rel}","templated":true}]}}