{"id":1417,"date":"2024-01-14T01:48:42","date_gmt":"2024-01-14T01:48:42","guid":{"rendered":"https:\/\/paraphe.ca\/?page_id=1417"},"modified":"2025-01-16T16:41:15","modified_gmt":"2025-01-16T16:41:15","slug":"pourquoi-choisir-paraphe","status":"publish","type":"page","link":"https:\/\/paraphe.ca\/en\/pourquoi-choisir-paraphe\/","title":{"rendered":"Pourquoi choisir Paraphe?"},"content":{"rendered":"<h1>Pourquoi choisir Paraphe?<\/h1>\n<p><img decoding=\"async\" src=\"\/wp-content\/uploads\/2024\/01\/slide-1.jpg\" alt=\"\"><\/p>\n<div>\n<p><strong>Paul Corbeil,<\/strong>\u00a0fondateur et propri\u00e9taire de<span>\u00a0<\/span><strong>PARAPHE Sports-Management<\/strong><span>\u00a0<\/span>est un agent professionnel depuis 1993. Issu de la premi\u00e8re cohorte du programme de certification des agents instaur\u00e9 en 1996 par l\u2019Association des joueurs de la Ligue nationale de hockey, il compte bon nombre d\u2019ann\u00e9es d\u2019exp\u00e9rience dans le domaine du hockey professionnel et a acquis une solide compr\u00e9hension de ses rouages et ses proc\u00e9d\u00e9s de recrutement. L\u2019\u00e9quipe<span>\u00a0<\/span><strong>PARAPHE<\/strong><span>\u00a0<\/span>compte aussi sur l\u2019apport de Andr\u00e9 \u00ab\u00a0Moose\u00a0\u00bb Dupont, deux fois r\u00e9cipiendaire de la coupe Stanley avec les Flyers de Philadelphie, qui aide au recrutement et qui prodigue des conseils en d\u00e9veloppement hockey.<\/p>\n<p>Reconnue pour le s\u00e9rieux de son travail et son honn\u00eatet\u00e9, l\u2019agence<span>\u00a0<\/span><strong>PARAPHE<\/strong><span>\u00a0<\/span>a su se m\u00e9riter le respect du personnel hockey dans toutes les ligues professionnelles, que ce soit au niveau de la LNH, de la LAH et autres ligues en Am\u00e9rique du Nord et en Europe. Nos objectifs vont au-del\u00e0 de la recherche des meilleures opportunit\u00e9s pour l\u2019athl\u00e8te. Nous pensons qu\u2019il est aussi important de privil\u00e9gier le d\u00e9veloppement d\u2019une bonne relation avec sa famille. Totalement engag\u00e9s envers l\u2019athl\u00e8te, nous mettons tous nos efforts au service de ses int\u00e9r\u00eats.<\/p>\n<\/div>\n<p><!--more--><br \/>\n<!-- {\"type\":\"layout\",\"children\":[{\"type\":\"section\",\"props\":{\"css\":\".el-section{background-color:#292a31;}\",\"image_position\":\"center-center\",\"style\":\"default\",\"title_breakpoint\":\"xl\",\"title_position\":\"top-left\",\"title_rotation\":\"left\",\"vertical_align\":\"\",\"width\":\"default\"},\"children\":[{\"type\":\"row\",\"props\":{\"layout\":\"1-4,1-2,1-4\"},\"children\":[{\"type\":\"column\",\"props\":{\"css\":\".el-column{max-width:15%;}\",\"image_position\":\"center-center\",\"position_sticky_breakpoint\":\"m\",\"width_medium\":\"1-4\"}},{\"type\":\"column\",\"props\":{\"image_position\":\"center-center\",\"position_sticky_breakpoint\":\"m\",\"width_medium\":\"1-2\"},\"children\":[{\"type\":\"headline\",\"props\":{\"content\":\"Pourquoi choisir Paraphe?\",\"content_en_us\":\"Why work with us?\",\"title_color\":\"primary\",\"title_element\":\"h1\"}},{\"type\":\"image\",\"props\":{\"image\":\"wp-content\\\/uploads\\\/2024\\\/01\\\/slide-1.jpg\",\"image_svg_color\":\"emphasis\",\"margin\":\"default\"}},{\"type\":\"text\",\"props\":{\"column_breakpoint\":\"m\",\"content\":\"\n\n<p><strong>Paul Corbeil,<\\\/strong>\\u00a0fondateur et propri\\u00e9taire de<span>\\u00a0<\\\/span><strong>PARAPHE Sports-Management<\\\/strong><span>\\u00a0<\\\/span>est un agent professionnel depuis 1993. Issu de la premi\\u00e8re cohorte du programme de certification des agents instaur\\u00e9 en 1996 par l\\u2019Association des joueurs de la Ligue nationale de hockey, il compte bon nombre d\\u2019ann\\u00e9es d\\u2019exp\\u00e9rience dans le domaine du hockey professionnel et a acquis une solide compr\\u00e9hension de ses rouages et ses proc\\u00e9d\\u00e9s de recrutement. L\\u2019\\u00e9quipe<span>\\u00a0<\\\/span><strong>PARAPHE<\\\/strong><span>\\u00a0<\\\/span>compte aussi sur l\\u2019apport de Andr\\u00e9 \\u00ab\\u00a0Moose\\u00a0\\u00bb Dupont, deux fois r\\u00e9cipiendaire de la coupe Stanley avec les Flyers de Philadelphie, qui aide au recrutement et qui prodigue des conseils en d\\u00e9veloppement hockey.<\\\/p>\\n\n\n<p>Reconnue pour le s\\u00e9rieux de son travail et son honn\\u00eatet\\u00e9, l\\u2019agence<span>\\u00a0<\\\/span><strong>PARAPHE<\\\/strong><span>\\u00a0<\\\/span>a su se m\\u00e9riter le respect du personnel hockey dans toutes les ligues professionnelles, que ce soit au niveau de la LNH, de la LAH et autres ligues en Am\\u00e9rique du Nord et en Europe. Nos objectifs vont au-del\\u00e0 de la recherche des meilleures opportunit\\u00e9s pour l\\u2019athl\\u00e8te. Nous pensons qu\\u2019il est aussi important de privil\\u00e9gier le d\\u00e9veloppement d\\u2019une bonne relation avec sa famille. Totalement engag\\u00e9s envers l\\u2019athl\\u00e8te, nous mettons tous nos efforts au service de ses int\\u00e9r\\u00eats.<\\\/p>\",\"content_en_us\":\"\n\n<p><strong>Paul Corbeil<\\\/strong>,\\u00a0founder and owner of<span>\\u00a0<\\\/span><strong>PARAPHE Sports-Management<\\\/strong><span>\\u00a0<\\\/span>is a professional agent since 1993. He was of the initial group of agents to be certified by the National Hockey League\\u2019s Player Association when it began its certification program in 1996. Numerous years of experience in the field of professional hockey have given him a deep understanding of the business and its recruitment process. The PARAPHE staff can also count on the input of two-time Stanley Cup winner<span>\\u00a0<\\\/span><strong>Andre \\u201cMoose\\u201d Dupont<\\\/strong><span>\\u00a0<\\\/span>who provides hockey development counselling and helps at recruitment.<\\\/p>\\n\n\n<p><strong>PARAPHE\\u2019s<\\\/strong>\\u00a0reputation for serious and honest work has won the agency respect among the key staff persons in pro leagues across North America, be it in the NHL, the AHL and other pro leagues in North America and Europe. Our objectives reach beyond securing the best opportunities for our clients. We also think it is important to privilege the development of a relationship of trust with the athlete\\u2019s family. We are also totally engaged in our commitment towards our client and we will go all in in our efforts put forth in his best interest.<\\\/p>\",\"css\":\".el-element{font-size:1.3em;}\",\"margin\":\"default\",\"text_color\":\"primary\"}}]},{\"type\":\"column\",\"props\":{\"css\":\".el-column{max-width:15%;}\",\"image_position\":\"center-center\",\"position_sticky_breakpoint\":\"m\",\"width_medium\":\"1-4\"}}]}]}],\"version\":\"4.4.20\"} --><\/p>\n","protected":false},"excerpt":{"rendered":"<p>Pourquoi choisir Paraphe? Paul Corbeil,\u00a0fondateur et propri\u00e9taire de\u00a0PARAPHE Sports-Management\u00a0est un agent professionnel depuis 1993. Issu de la premi\u00e8re cohorte du programme de certification des agents instaur\u00e9 en 1996 par l\u2019Association des joueurs de la Ligue nationale de hockey, il compte bon nombre d\u2019ann\u00e9es d\u2019exp\u00e9rience dans le domaine du hockey professionnel et a acquis une solide [&hellip;]<\/p>\n","protected":false},"author":1,"featured_media":0,"parent":0,"menu_order":1,"comment_status":"open","ping_status":"open","template":"","meta":{"_acf_changed":false,"footnotes":""},"class_list":["post-1417","page","type-page","status-publish","hentry"],"acf":[],"_links":{"self":[{"href":"https:\/\/paraphe.ca\/en\/wp-json\/wp\/v2\/pages\/1417","targetHints":{"allow":["GET"]}}],"collection":[{"href":"https:\/\/paraphe.ca\/en\/wp-json\/wp\/v2\/pages"}],"about":[{"href":"https:\/\/paraphe.ca\/en\/wp-json\/wp\/v2\/types\/page"}],"author":[{"embeddable":true,"href":"https:\/\/paraphe.ca\/en\/wp-json\/wp\/v2\/users\/1"}],"replies":[{"embeddable":true,"href":"https:\/\/paraphe.ca\/en\/wp-json\/wp\/v2\/comments?post=1417"}],"version-history":[{"count":12,"href":"https:\/\/paraphe.ca\/en\/wp-json\/wp\/v2\/pages\/1417\/revisions"}],"predecessor-version":[{"id":1585,"href":"https:\/\/paraphe.ca\/en\/wp-json\/wp\/v2\/pages\/1417\/revisions\/1585"}],"wp:attachment":[{"href":"https:\/\/paraphe.ca\/en\/wp-json\/wp\/v2\/media?parent=1417"}],"curies":[{"name":"wp","href":"https:\/\/api.w.org\/{rel}","templated":true}]}}