{"id":1,"date":"2019-09-05T08:43:56","date_gmt":"2019-09-05T08:43:56","guid":{"rendered":"https:\/\/paraphe.ca\/?p=1"},"modified":"2025-02-09T20:57:40","modified_gmt":"2025-02-09T20:57:40","slug":"home","status":"publish","type":"page","link":"https:\/\/paraphe.ca\/en\/","title":{"rendered":"Accueil"},"content":{"rendered":"<h1>Courage et Passion<\/h1>\n<p><p>\n        <a href=\"\/pourquoi-choisir-paraphe\/\">Pourquoi choisir Paraphe?<\/a>\n    <\/p>\n<\/p>\n<p><p>\n        <a href=\"\/pourquoi-choisir-paraphe\/\">Pourquoi choisir Paraphe?<\/a>\n    <\/p>\n<\/p>\n<\/p>\n<h1>Bienvenue<\/h1>\n<div>\n<p style=\"text-align: right;\"><span class=\"s1\">Vous voici dans une agence qui n&#8217;\u00e9pargnera aucun effort afin de trouver la meilleure opportunit\u00e9 pour ses athl\u00e8tes.\u00a0<\/span><\/p>\n<p class=\"p1\" style=\"text-align: right;\"><span class=\"s1\"><b>PARAPHE\u00a0<\/b><\/span><span class=\"s1\">offre une gamme de services vou\u00e9s au d\u00e9veloppement du plein potentiel de l\u2019athl\u00e8te, ainsi qu\u2019\u00e0 la r\u00e9alisation de ses objectifs de carri\u00e8re.<\/span><\/p>\n<p class=\"p1\" style=\"text-align: right;\"><span class=\"s1\">Avec\u00a0<b>PARAPHE\u00a0<\/b><\/span><span class=\"s1\">vous aurez acc\u00e8s aux conseils adapt\u00e9s des meilleurs professionnels parmi divers champs d\u2019action, tels que la gestion de carri\u00e8re, le d\u00e9veloppement athl\u00e9tique, la nutrition, les suivis m\u00e9dicaux, l\u2019assistance en mati\u00e8re juridique, les assurances, et la planification financi\u00e8re.\u00a0<\/span><\/p>\n<\/div>\n<div>\n<p>        <img decoding=\"async\" src=\"\/wp-content\/uploads\/2024\/01\/page1-img1.jpg\" alt=\"\"><\/p>\n<div>\n<p>SERVICES PERSONNALIS\u00c9S:<\/p>\n<ul class=\"menu \">\n<li><a href=\"https:\/\/www.paraphe.ca\/index.php\/fr\/#\"><\/a>Recherche d&#8217;\u00e9quipe et repr\u00e9sentation<\/li>\n<li><a href=\"https:\/\/www.paraphe.ca\/index.php\/fr\/#\"><\/a>N\u00e9gociation de contrat<\/li>\n<li><a href=\"https:\/\/www.paraphe.ca\/index.php\/fr\/#\"><\/a>Pr\u00e9paration au rep\u00eachage<\/li>\n<li><a href=\"https:\/\/www.paraphe.ca\/index.php\/fr\/#\"><\/a>Marketing et promotion<\/li>\n<li><a href=\"https:\/\/www.paraphe.ca\/index.php\/fr\/#\"><\/a>Assistance juridique<\/li>\n<li><a href=\"https:\/\/www.paraphe.ca\/index.php\/fr\/#\"><\/a>Suivis m\u00e9dicaux<\/li>\n<li><a href=\"https:\/\/www.paraphe.ca\/index.php\/fr\/#\"><\/a>Suivis sur le d\u00e9veloppement athl\u00e9tique<\/li>\n<li><a href=\"https:\/\/www.paraphe.ca\/index.php\/fr\/#\"><\/a>Conseils en mati\u00e8re d&#8217;assurance et de protection du patrimoine<\/li>\n<li><a href=\"https:\/\/www.paraphe.ca\/index.php\/fr\/#\"><\/a>Assistance en r\u00e9solution de conflit<\/li>\n<\/ul>\n<\/div>\n<\/div>\n<p><!--more--><br \/>\n<!-- {\"type\":\"layout\",\"children\":[{\"type\":\"section\",\"props\":{\"class\":\"c-homeHero\",\"header_transparent\":true,\"header_transparent_noplaceholder\":true,\"header_transparent_text_color\":\"light\",\"height\":\"viewport\",\"height_offset_top\":false,\"image\":\"wp-content\\\/uploads\\\/2024\\\/01\\\/slide-1.jpg\",\"image_position\":\"top-center\",\"image_size\":\"cover\",\"padding\":\"xlarge\",\"padding_remove_bottom\":true,\"padding_remove_top\":true,\"style\":\"default\",\"title_breakpoint\":\"xl\",\"title_position\":\"top-left\",\"title_rotation\":\"left\",\"vertical_align\":\"\",\"width\":\"default\"},\"children\":[{\"type\":\"row\",\"children\":[{\"type\":\"column\",\"props\":{\"image_position\":\"center-center\",\"position_sticky_breakpoint\":\"m\"},\"children\":[{\"type\":\"headline\",\"props\":{\"content\":\"Courage et Passion\",\"content_en_us\":\"Courage and Passion\",\"css\":\".el-element {\\n    font-family: \\\"racing sans one\\\";\\n    text-transform: none;\\n}\\n\\n.el-element::after {\\n    border-bottom: 1px solid rgba(255, 255, 255, 0.2);\\n    bottom: -15px;\\n    content: '';\\n    left: 50%;\\n    max-width: 196px;\\n    position: absolute;\\n    -webkit-transform: translate(-50%, 0%);\\n    transform: translate(-50%, 0%);\\n    width: 100%;\\n}\",\"margin\":\"remove-vertical\",\"margin_remove_bottom\":true,\"margin_remove_top\":false,\"position\":\"relative\",\"position_top\":\"0\",\"text_align\":\"center\",\"title_color\":\"success\",\"title_element\":\"h1\",\"title_font_family\":\"tertiary\",\"title_style\":\"heading-small\"},\"name\":\"Ent\\u00eate - Desktop\"},{\"type\":\"headline\",\"props\":{\"content\":\"Courage et Passion\",\"content_en_us\":\"Courage and Passion\",\"css\":\".el-element{text-transform:none;font-family:\\\"racing sans one\\\";font-size:1.5em; margin-top:20px;margin-top:100px;}\",\"margin\":\"remove-vertical\",\"margin_remove_bottom\":true,\"margin_remove_top\":false,\"position\":\"relative\",\"position_top\":\"-470\",\"status\":\"disabled\",\"text_align\":\"center\",\"title_color\":\"success\",\"title_element\":\"h1\",\"title_font_family\":\"tertiary\",\"title_style\":\"heading-small\"},\"name\":\"Ent\\u00eate - mobile\"},{\"type\":\"button\",\"props\":{\"button_size\":\"large\",\"class\":\"uk-visible@s\",\"css\":\".el-element {\\n    margin-top: auto !important;\\n}\\n.el-content{font-size:25px;text-transform: uppercase;}\",\"fullwidth\":false,\"grid_column_gap\":\"small\",\"grid_row_gap\":\"small\",\"margin\":\"default\",\"margin_remove_top\":true,\"text_align\":\"center\"},\"children\":[{\"type\":\"button_item\",\"props\":{\"button_style\":\"primary\",\"content\":\"Pourquoi choisir Paraphe?\",\"content_en_us\":\"Why work with us?\",\"dialog_layout\":\"modal\",\"dialog_offcanvas_flip\":true,\"icon_align\":\"left\",\"link\":\"pourquoi-choisir-paraphe\\\/\",\"link_en_us\":\"pourquoi-choisir-paraphe\\\/\"}}],\"name\":\"Pourquoi choisir Paraphe - Desktop\"},{\"type\":\"button\",\"props\":{\"button_size\":\"large\",\"class\":\"uk-hidden@s\",\"css\":\".el-content{font-size:20px;text-transform: uppercase;}\",\"fullwidth\":false,\"grid_column_gap\":\"small\",\"grid_row_gap\":\"small\",\"margin\":\"default\",\"text_align\":\"center\"},\"children\":[{\"type\":\"button_item\",\"props\":{\"button_style\":\"primary\",\"content\":\"Pourquoi choisir Paraphe?\",\"content_en_us\":\"Why work with us?\",\"dialog_layout\":\"modal\",\"dialog_offcanvas_flip\":true,\"icon_align\":\"left\",\"link\":\"pourquoi-choisir-paraphe\\\/\",\"link_en_us\":\"pourquoi-choisir-paraphe\\\/\"}}],\"name\":\"Pourquoi choisir Paraphe - mobile\"},{\"type\":\"nav\",\"props\":{\"class\":\"c-homeNav u-test\",\"grid\":\"1\",\"grid_divider\":false,\"html_element\":\"nav\",\"image_vertical_align\":true,\"nav_divider\":false,\"nav_style\":\"default\",\"show_image\":true,\"show_meta\":true,\"visibility\":\"m\"},\"children\":[{\"type\":\"nav_item\",\"source\":{\"query\":{\"name\":\"customMenuItems\",\"arguments\":{\"id\":2,\"parent\":\"\",\"heading\":\"\",\"include_heading\":true}},\"props\":{\"link\":{\"name\":\"url\"},\"content\":{\"name\":\"title\"}}}}]},{\"type\":\"nav\",\"props\":{\"class\":\"c-homeSubnav\",\"css\":\".el-element {\\n    position: relative;\\n}\",\"grid\":\"1\",\"grid_divider\":false,\"image_vertical_align\":true,\"nav_divider\":false,\"nav_style\":\"navbar-dropdown-nav\",\"show_image\":true,\"show_meta\":true,\"visibility\":\"m\"},\"children\":[{\"type\":\"nav_item\",\"source\":{\"query\":{\"name\":\"customMenuItems\",\"arguments\":{\"id\":2,\"parent\":\"\",\"heading\":\"\",\"include_heading\":true,\"ids\":[\"1415\",\"1427\",\"1800\"]}},\"props\":{\"link\":{\"name\":\"url\"},\"content\":{\"name\":\"title\"}}}}],\"name\":\"Sous-nav \\\"Et plus\\\"\"}]}],\"props\":{\"css\":\".el-row {\\n}\",\"height\":\"viewport\",\"height_viewport\":100}}],\"name\":\"Hero\"},{\"type\":\"section\",\"props\":{\"image_position\":\"center-center\",\"padding\":\"none\",\"padding_remove_top\":false,\"style\":\"secondary\",\"title_breakpoint\":\"xl\",\"title_position\":\"top-left\",\"title_rotation\":\"left\",\"vertical_align\":\"\",\"width\":\"default\"},\"children\":[{\"type\":\"row\",\"props\":{\"layout\":\"1-2,1-2\",\"margin_remove_bottom\":false,\"margin_remove_top\":false,\"parallax\":false},\"children\":[{\"type\":\"column\",\"props\":{\"image_position\":\"center-center\",\"position_sticky_breakpoint\":\"m\",\"width_medium\":\"1-2\"},\"children\":[{\"type\":\"headline\",\"props\":{\"content\":\"Bienvenue\",\"content_en_us\":\"Welcome\",\"css\":\".el-element{font-size:3.8em;}\",\"text_align\":\"right\",\"title_color\":\"primary\",\"title_element\":\"h1\"}},{\"type\":\"text\",\"props\":{\"column_breakpoint\":\"m\",\"content\":\"\n\n<p style=\\\"text-align: right;\\\"><span class=\\\"s1\\\">Vous voici dans une agence qui n'\\u00e9pargnera aucun effort afin de trouver la meilleure opportunit\\u00e9 pour ses athl\\u00e8tes.\\u00a0<\\\/span><\\\/p>\\n\n\n<p class=\\\"p1\\\" style=\\\"text-align: right;\\\"><span class=\\\"s1\\\"><b>PARAPHE\\u00a0<\\\/b><\\\/span><span class=\\\"s1\\\">offre une gamme de services vou\\u00e9s au d\\u00e9veloppement du plein potentiel de l\\u2019athl\\u00e8te, ainsi qu\\u2019\\u00e0 la r\\u00e9alisation de ses objectifs de carri\\u00e8re.<\\\/span><\\\/p>\\n\n\n<p class=\\\"p1\\\" style=\\\"text-align: right;\\\"><span class=\\\"s1\\\">Avec\\u00a0<b>PARAPHE\\u00a0<\\\/b><\\\/span><span class=\\\"s1\\\">vous aurez acc\\u00e8s aux conseils adapt\\u00e9s des meilleurs professionnels parmi divers champs d\\u2019action, tels que la gestion de carri\\u00e8re, le d\\u00e9veloppement athl\\u00e9tique, la nutrition, les suivis m\\u00e9dicaux, l\\u2019assistance en mati\\u00e8re juridique, les assurances, et la planification financi\\u00e8re.\\u00a0<\\\/span><\\\/p>\",\"content_en_us\":\"\n\n<p style=\\\"text-align: right;\\\">Welcome to an agency that will never give up on finding the best opportunity for its athletes.\\u00a0<\\\/p>\\n\n\n<p style=\\\"text-align: right;\\\"><strong>PARAPHE<\\\/strong>\\u00a0offers an array of services dedicated to the development of the athlete\\u2019s full potential and the achievement of his career objectives.<\\\/p>\\n\n\n<p style=\\\"text-align: right;\\\">With the help of the best professionals,\\u00a0<strong>PARAPHE<\\\/strong>\\u00a0will give you access to adapted counselling in various fields of interest to help you build your career on solid ground. These include career management, hockey and athletic development, nutrition, medical follow ups, judicial assistance, insurance and financial planning, etc.<\\\/p>\",\"css\":\".el-element{font-family:roboto;font-size:1.5em;color:white;}\",\"margin\":\"default\"}}]},{\"type\":\"column\",\"props\":{\"image_position\":\"center-center\",\"position_sticky_breakpoint\":\"m\",\"width_medium\":\"1-2\"},\"children\":[{\"type\":\"overlay\",\"props\":{\"content\":\"\n\n<p>SERVICES PERSONNALIS\\u00c9S:<\\\/p>\\n\n\n<ul class=\\\"menu \\\">\\n\n\n<li><a href=\\\"https:\\\/\\\/www.paraphe.ca\\\/index.php\\\/fr\\\/#\\\"><\\\/a>Recherche d'\\u00e9quipe et repr\\u00e9sentation<\\\/li>\\n\n\n<li><a href=\\\"https:\\\/\\\/www.paraphe.ca\\\/index.php\\\/fr\\\/#\\\"><\\\/a>N\\u00e9gociation de contrat<\\\/li>\\n\n\n<li><a href=\\\"https:\\\/\\\/www.paraphe.ca\\\/index.php\\\/fr\\\/#\\\"><\\\/a>Pr\\u00e9paration au rep\\u00eachage<\\\/li>\\n\n\n<li><a href=\\\"https:\\\/\\\/www.paraphe.ca\\\/index.php\\\/fr\\\/#\\\"><\\\/a>Marketing et promotion<\\\/li>\\n\n\n<li><a href=\\\"https:\\\/\\\/www.paraphe.ca\\\/index.php\\\/fr\\\/#\\\"><\\\/a>Assistance juridique<\\\/li>\\n\n\n<li><a href=\\\"https:\\\/\\\/www.paraphe.ca\\\/index.php\\\/fr\\\/#\\\"><\\\/a>Suivis m\\u00e9dicaux<\\\/li>\\n\n\n<li><a href=\\\"https:\\\/\\\/www.paraphe.ca\\\/index.php\\\/fr\\\/#\\\"><\\\/a>Suivis sur le d\\u00e9veloppement athl\\u00e9tique<\\\/li>\\n\n\n<li><a href=\\\"https:\\\/\\\/www.paraphe.ca\\\/index.php\\\/fr\\\/#\\\"><\\\/a>Conseils en mati\\u00e8re d'assurance et de protection du patrimoine<\\\/li>\\n\n\n<li><a href=\\\"https:\\\/\\\/www.paraphe.ca\\\/index.php\\\/fr\\\/#\\\"><\\\/a>Assistance en r\\u00e9solution de conflit<\\\/li>\\n<\\\/ul>\",\"content_en_us\":\"\n\n<p>PERSONNALIZED ASSISTANCE:<\\\/p>\\n\n\n<ul class=\\\"menu \\\">\\n\n\n<li><a href=\\\"https:\\\/\\\/www.paraphe.ca\\\/en\\\/#\\\"><\\\/a>Team searching and representation<\\\/li>\\n\n\n<li><a href=\\\"https:\\\/\\\/www.paraphe.ca\\\/en\\\/#\\\"><\\\/a>Contract negotiations<\\\/li>\\n\n\n<li><a href=\\\"https:\\\/\\\/www.paraphe.ca\\\/en\\\/#\\\"><\\\/a>Draft presentation<\\\/li>\\n\n\n<li><a href=\\\"https:\\\/\\\/www.paraphe.ca\\\/en\\\/#\\\"><\\\/a>Player exposure and promotion<\\\/li>\\n\n\n<li><a href=\\\"https:\\\/\\\/www.paraphe.ca\\\/en\\\/#\\\"><\\\/a>Legal counselling<\\\/li>\\n\n\n<li><a href=\\\"https:\\\/\\\/www.paraphe.ca\\\/en\\\/#\\\"><\\\/a>Medical follow-up<\\\/li>\\n\n\n<li><a href=\\\"https:\\\/\\\/www.paraphe.ca\\\/en\\\/#\\\"><\\\/a>Athletic development follow-up<\\\/li>\\n\n\n<li><a href=\\\"https:\\\/\\\/www.paraphe.ca\\\/en\\\/#\\\"><\\\/a>Specific insurances and personal patrimony protection assistance<\\\/li>\\n\n\n<li><a href=\\\"https:\\\/\\\/www.paraphe.ca\\\/en\\\/#\\\"><\\\/a>Assistance in conflict resolutions<\\\/li>\\n<\\\/ul>\",\"content_style\":\"text-large\",\"css\":\".el-element{font-family:\\\"roboto\\\";color:white;}\\n.el-content{font-size:1.5em;}\",\"image\":\"wp-content\\\/uploads\\\/2024\\\/01\\\/page1-img1.jpg\",\"link_style\":\"default\",\"link_text\":\"Read more\",\"margin\":\"default\",\"meta_align\":\"below-title\",\"meta_element\":\"div\",\"meta_style\":\"text-meta\",\"overlay_hover\":false,\"overlay_mode\":\"cover\",\"overlay_position\":\"top-left\",\"overlay_style\":\"\",\"overlay_transition\":\"fade\",\"text_align\":\"left\",\"text_color\":\"light\",\"title_element\":\"h3\",\"title_hover_style\":\"reset\"}}]}]}]}],\"version\":\"4.5.4\"} --><\/p>\n","protected":false},"excerpt":{"rendered":"<p>Courage et Passion Pourquoi choisir Paraphe? Pourquoi choisir Paraphe? Bienvenue Vous voici dans une agence qui n&#8217;\u00e9pargnera aucun effort afin de trouver la meilleure opportunit\u00e9 pour ses athl\u00e8tes.\u00a0 PARAPHE\u00a0offre une gamme de services vou\u00e9s au d\u00e9veloppement du plein potentiel de l\u2019athl\u00e8te, ainsi qu\u2019\u00e0 la r\u00e9alisation de ses objectifs de carri\u00e8re. Avec\u00a0PARAPHE\u00a0vous aurez acc\u00e8s aux conseils [&hellip;]<\/p>\n","protected":false},"author":1,"featured_media":0,"parent":0,"menu_order":1,"comment_status":"open","ping_status":"open","template":"","meta":{"_acf_changed":false,"footnotes":""},"class_list":["post-1","page","type-page","status-publish","hentry"],"acf":[],"_links":{"self":[{"href":"https:\/\/paraphe.ca\/en\/wp-json\/wp\/v2\/pages\/1","targetHints":{"allow":["GET"]}}],"collection":[{"href":"https:\/\/paraphe.ca\/en\/wp-json\/wp\/v2\/pages"}],"about":[{"href":"https:\/\/paraphe.ca\/en\/wp-json\/wp\/v2\/types\/page"}],"author":[{"embeddable":true,"href":"https:\/\/paraphe.ca\/en\/wp-json\/wp\/v2\/users\/1"}],"replies":[{"embeddable":true,"href":"https:\/\/paraphe.ca\/en\/wp-json\/wp\/v2\/comments?post=1"}],"version-history":[{"count":213,"href":"https:\/\/paraphe.ca\/en\/wp-json\/wp\/v2\/pages\/1\/revisions"}],"predecessor-version":[{"id":1923,"href":"https:\/\/paraphe.ca\/en\/wp-json\/wp\/v2\/pages\/1\/revisions\/1923"}],"wp:attachment":[{"href":"https:\/\/paraphe.ca\/en\/wp-json\/wp\/v2\/media?parent=1"}],"curies":[{"name":"wp","href":"https:\/\/api.w.org\/{rel}","templated":true}]}}